{"id":10343,"date":"2016-09-01T10:41:22","date_gmt":"2016-09-01T10:41:22","guid":{"rendered":"https:\/\/skgz.mmasistemi.com\/slovensko-planinsko-drustvo-gorica-spdg-associazione-alpina-slovena-gorizia\/"},"modified":"2016-09-01T10:41:22","modified_gmt":"2016-09-01T10:41:22","slug":"slovensko-planinsko-drustvo-gorica-spdg-associazione-alpina-slovena-gorizia","status":"publish","type":"page","link":"https:\/\/skgz.org\/it\/chi-siamo\/enti-associati-2\/slovensko-planinsko-drustvo-gorica-spdg-associazione-alpina-slovena-gorizia\/","title":{"rendered":"Slovensko planinsko dru\u0161tvo Gorica (SPDG) \/ Associazione Alpina Slovena Gorizia"},"content":{"rendered":"<p>Lo&nbsp;<strong>Slovensko planinsko dru\u0161tvo Gorica &#8211; SPDG<\/strong>&nbsp;\u00e8 stato fondato nel 1911. Dopo la cessazione forzata dell&#8217;attivit\u00e0 nel 1927, opera ininterrottamente dal 1945. I numerosi membri si riconoscono nei valori fondamentali quali l&#8217;amore per la natura, il trekking, lo sci, le attivit\u00e0 ricreative e la socializzazione in genere.&nbsp;<\/p>\n<p><a href=\"http:\/\/www.spdg.eu\">www.spdg.eu<\/a><\/p>\n<p><strong>Presidente: Mitja Morgut<\/strong><\/p>\n<p>34170 Gorizia &#8211; Corso Verdi 51\/int.<br \/>\ntel. +39 0481 532358<br \/>\ne-mail: info@spdg.eu<\/p>\n","protected":false},"excerpt":{"rendered":"<p>Lo&nbsp;Slovensko planinsko dru\u0161tvo Gorica &#8211; SPDG&nbsp;\u00e8 stato fondato nel 1911. Dopo la cessazione forzata dell&#8217;attivit\u00e0 nel 1927, opera ininterrottamente dal 1945. I numerosi membri si riconoscono nei valori fondamentali quali l&#8217;amore per la natura, il trekking, lo sci, le attivit\u00e0 ricreative e la socializzazione in genere.&nbsp; www.spdg.eu Presidente: Mitja Morgut 34170 Gorizia &#8211; Corso Verdi [&hellip;]<\/p>\n","protected":false},"author":1,"featured_media":0,"parent":10237,"menu_order":0,"comment_status":"closed","ping_status":"closed","template":"","meta":{"footnotes":""},"class_list":["post-10343","page","type-page","status-publish","hentry"],"_links":{"self":[{"href":"https:\/\/skgz.org\/it\/wp-json\/wp\/v2\/pages\/10343","targetHints":{"allow":["GET"]}}],"collection":[{"href":"https:\/\/skgz.org\/it\/wp-json\/wp\/v2\/pages"}],"about":[{"href":"https:\/\/skgz.org\/it\/wp-json\/wp\/v2\/types\/page"}],"author":[{"embeddable":true,"href":"https:\/\/skgz.org\/it\/wp-json\/wp\/v2\/users\/1"}],"replies":[{"embeddable":true,"href":"https:\/\/skgz.org\/it\/wp-json\/wp\/v2\/comments?post=10343"}],"version-history":[{"count":0,"href":"https:\/\/skgz.org\/it\/wp-json\/wp\/v2\/pages\/10343\/revisions"}],"up":[{"embeddable":true,"href":"https:\/\/skgz.org\/it\/wp-json\/wp\/v2\/pages\/10237"}],"wp:attachment":[{"href":"https:\/\/skgz.org\/it\/wp-json\/wp\/v2\/media?parent=10343"}],"curies":[{"name":"wp","href":"https:\/\/api.w.org\/{rel}","templated":true}]}}