{"id":10143,"date":"2016-08-30T12:49:23","date_gmt":"2016-08-30T12:49:23","guid":{"rendered":"https:\/\/skgz.mmasistemi.com\/chi-siamo\/"},"modified":"2016-08-30T12:49:23","modified_gmt":"2016-08-30T12:49:23","slug":"chi-siamo","status":"publish","type":"page","link":"https:\/\/skgz.org\/it\/chi-siamo\/","title":{"rendered":"Chi siamo"},"content":{"rendered":"<p>La Slovenska kulturno-gospodarska zveza &#8211; Unione Culturale Economica Slovena \u00e8 un&#8217;organizzazione autonoma e apartitica fondata nel 1954 ed aperta a tutte le componenti della comunit\u00e0.<\/p>\n<p>Scopo principale dell&#8217;Unione \u00e8 la difesa dei diritti e degli interessi della comunit\u00e0 slovena e dei suoi appartenenti in tutti i campi, ma anche l&#8217;affermazione della convivenza e della reciproca conoscenza tra le popolazioni di confine. La SKGZ riunisce, sostiene e coordina le attivit\u00e0 delle varie organizzazioni associate.<\/p>\n","protected":false},"excerpt":{"rendered":"<p>La Slovenska kulturno-gospodarska zveza &#8211; Unione Culturale Economica Slovena \u00e8 un&#8217;organizzazione autonoma e apartitica fondata nel 1954 ed aperta a tutte le componenti della comunit\u00e0. Scopo principale dell&#8217;Unione \u00e8 la difesa dei diritti e degli interessi della comunit\u00e0 slovena e dei suoi appartenenti in tutti i campi, ma anche l&#8217;affermazione della convivenza e della reciproca [&hellip;]<\/p>\n","protected":false},"author":1,"featured_media":0,"parent":0,"menu_order":0,"comment_status":"closed","ping_status":"closed","template":"","meta":{"footnotes":""},"class_list":["post-10143","page","type-page","status-publish","hentry"],"_links":{"self":[{"href":"https:\/\/skgz.org\/it\/wp-json\/wp\/v2\/pages\/10143","targetHints":{"allow":["GET"]}}],"collection":[{"href":"https:\/\/skgz.org\/it\/wp-json\/wp\/v2\/pages"}],"about":[{"href":"https:\/\/skgz.org\/it\/wp-json\/wp\/v2\/types\/page"}],"author":[{"embeddable":true,"href":"https:\/\/skgz.org\/it\/wp-json\/wp\/v2\/users\/1"}],"replies":[{"embeddable":true,"href":"https:\/\/skgz.org\/it\/wp-json\/wp\/v2\/comments?post=10143"}],"version-history":[{"count":0,"href":"https:\/\/skgz.org\/it\/wp-json\/wp\/v2\/pages\/10143\/revisions"}],"wp:attachment":[{"href":"https:\/\/skgz.org\/it\/wp-json\/wp\/v2\/media?parent=10143"}],"curies":[{"name":"wp","href":"https:\/\/api.w.org\/{rel}","templated":true}]}}